{"id":578,"date":"2022-02-03T08:37:25","date_gmt":"2022-02-03T08:37:25","guid":{"rendered":"http:\/\/rentcarcascais.com\/about-us\/"},"modified":"2023-08-04T10:51:14","modified_gmt":"2023-08-04T09:51:14","slug":"quem-somos","status":"publish","type":"page","link":"https:\/\/rentcarcascais.com\/en\/quem-somos\/","title":{"rendered":"Who We Are"},"content":{"rendered":"<div class=\"wp-block-uagb-container uagb-block-286b48d8 alignfull uagb-is-root-container\"><div class=\"uagb-container-inner-blocks-wrap\">\n<div class=\"wp-block-uagb-container uagb-block-e3a3567a\">\n<div class=\"wp-block-uagb-advanced-heading uagb-block-ada30791\"><h1 class=\"uagb-heading-text\">to Transrent<\/h1><\/div>\n<\/div>\n\n\n\n<div class=\"wp-block-uagb-container uag-blocks-common-selector uagb-block-6d54a37b\">\n<div class=\"wp-block-uagb-advanced-heading uagb-block-ed8a1043\"><h3 class=\"uagb-heading-text\">The best Car Hire company in Cascais<\/h3><\/div>\n<\/div>\n<\/div><\/div>\n\n\n\n<div class=\"wp-block-uagb-container uag-blocks-common-selector uagb-block-30fab14c alignfull uagb-is-root-container\"><div class=\"uagb-container-inner-blocks-wrap\">\n<div class=\"wp-block-uagb-container uag-blocks-common-selector uagb-block-4644b53c\">\n<div class=\"wp-block-uagb-container uag-blocks-common-selector uagb-block-67bfdb0d\">\n<div class=\"wp-block-uagb-info-box uagb-block-756d7d5d uagb-infobox__content-wrap  uagb-infobox-icon-above-title uagb-infobox-image-valign-top\"><div class=\"uagb-ifb-content\"><div class=\"uagb-ifb-title-wrap\"><span class=\"uagb-ifb-title-prefix\">About Transrent<br><\/span><h2 class=\"uagb-ifb-title\">We are a company in the vehicle rental business, in the market since 1988, having been pioneers in motorcycle rental.<br><\/h2><\/div><\/div><\/div>\n\n\n\n<div class=\"wp-block-uagb-image aligncenter uagb-block-5cb2d399 wp-block-uagb-image--layout-default wp-block-uagb-image--effect-static wp-block-uagb-image--align-center\"><figure class=\"wp-block-uagb-image__figure\"><img decoding=\"async\" srcset=\"https:\/\/rentcarcascais.com\/wp-content\/uploads\/2023\/05\/Aluguer-Viaturas.jpg ,https:\/\/rentcarcascais.com\/wp-content\/uploads\/2023\/05\/Aluguer-Viaturas.jpg 780w, https:\/\/rentcarcascais.com\/wp-content\/uploads\/2023\/05\/Aluguer-Viaturas.jpg 360w\" sizes=\"auto, (max-width: 480px) 150px\" src=\"https:\/\/rentcarcascais.com\/wp-content\/uploads\/2023\/05\/Aluguer-Viaturas.jpg\" alt=\"Aluguer de todo o tipo de viaturas em Cascais\" class=\"uag-image-1247\" width=\"600\" height=\"488\" title=\"\" loading=\"lazy\"\/><\/figure><\/div>\n<\/div>\n\n\n\n<div class=\"wp-block-uagb-container uag-blocks-common-selector uagb-block-8ffa1bd9\"><\/div>\n<\/div>\n<\/div><\/div>\n\n\n\n<div class=\"wp-block-uagb-container uagb-block-a7a6a2b2 alignfull uagb-is-root-container\"><div class=\"uagb-container-inner-blocks-wrap\">\n<div class=\"wp-block-uagb-info-box uagb-block-e020a271 uagb-infobox__content-wrap  uagb-infobox-icon-above-title uagb-infobox-image-valign-top\"><div class=\"uagb-ifb-content\"><div class=\"uagb-ifb-title-wrap\"><span class=\"uagb-ifb-title-prefix\">Car Hire in Cascais<\/span><h2 class=\"uagb-ifb-title\">Transrent<\/h2><\/div><\/div><\/div>\n\n\n\n<div class=\"wp-block-uagb-container uagb-block-f0849cb1\">\n<div class=\"wp-block-uagb-container uagb-block-7da45b6d\">\n<figure class=\"wp-block-image size-full\"><img loading=\"lazy\" decoding=\"async\" width=\"350\" height=\"233\" src=\"https:\/\/rentcarcascais.com\/wp-content\/uploads\/2023\/06\/skoda-scala-sport-plus-350x233-1.jpg\" alt=\"\" class=\"wp-image-1396\" srcset=\"https:\/\/rentcarcascais.com\/wp-content\/uploads\/2023\/06\/skoda-scala-sport-plus-350x233-1.jpg 350w, https:\/\/rentcarcascais.com\/wp-content\/uploads\/2023\/06\/skoda-scala-sport-plus-350x233-1-300x200.jpg 300w, https:\/\/rentcarcascais.com\/wp-content\/uploads\/2023\/06\/skoda-scala-sport-plus-350x233-1-18x12.jpg 18w\" sizes=\"auto, (max-width: 350px) 100vw, 350px\" \/><\/figure>\n\n\n\n<p>We have a dynamic team, trained to meet the needs of our customers.<\/p>\n\n\n\n<p>Your satisfaction is always a priority, whether on vacation or at work. We always try to simplify and solve your situation.<\/p>\n\n\n\n<p>We offer several types of vehicles, from light vehicles to commercial vehicles, motorcycles and bicycles.<\/p>\n<\/div>\n\n\n\n<div class=\"wp-block-uagb-container uagb-block-162d3a4d\">\n<p>For your convenience, we also make deliveries and collections of our vehicles in the most varied places, having punctuality as our priority.<\/p>\n\n\n\n<p>Our fleet is varied and we take great care in maintaining and preparing them.<\/p>\n\n\n\n<p>With an extended customer service, after store opening hours, if necessary and as far as possible, we will have a flexible schedule so that we can solve our customers&#039; problems.<\/p>\n\n\n\n<p>We are proud of our customer base, many of which are already considered friends, who remain loyal to our company, accompanying us for several years.<\/p>\n\n\n\n<p>We now invite you to visit our page to get to know us better. <\/p>\n<\/div>\n<\/div>\n<\/div><\/div>\n\n\n\n<div class=\"wp-block-uagb-container uagb-block-6948a90d alignfull uagb-is-root-container\"><div class=\"uagb-container-inner-blocks-wrap\">\n<div class=\"wp-block-uagb-info-box uagb-block-724edf32 uagb-infobox__content-wrap  uagb-infobox-icon-above-title uagb-infobox-image-valign-top\"><div class=\"uagb-ifb-content\"><div class=\"uagb-ifb-title-wrap\"><h2 class=\"uagb-ifb-title\">Need to rent a Vehicle?<\/h2><\/div><p class=\"uagb-ifb-desc\">We have the vehicle that you need<\/p><\/div><\/div>\n\n\n\n<div class=\"wp-block-uagb-container uagb-block-d67b26b4\">\n<div class=\"wp-block-uagb-container uagb-block-f33dc2a3\">\n<div class=\"wp-block-uagb-buttons uagb-buttons__outer-wrap uagb-btn__default-btn uagb-btn-tablet__default-btn uagb-btn-mobile__default-btn uagb-block-e907591d\"><div class=\"uagb-buttons__wrap uagb-buttons-layout-wrap\">\n<div class=\"wp-block-uagb-buttons-child uagb-buttons__outer-wrap uagb-block-a1727a51 wp-block-button is-style-outline\"><div class=\"uagb-button__wrapper\"><a class=\"uagb-buttons-repeater wp-block-button__link\" href=\"https:\/\/rentcarcascais.com\/en\/contacto\/\" onclick=\"return true;\" rel=\"follow noopener\" target=\"_self\"><div class=\"uagb-button__link\">CONTACT PAGE<\/div><\/a><\/div><\/div>\n<\/div><\/div>\n<\/div>\n\n\n\n<div class=\"wp-block-uagb-container uagb-block-bf0c6c4c\">\n<div class=\"wp-block-uagb-advanced-heading uagb-block-87d8351d\"><h6 class=\"uagb-heading-text\">OR CALL US AT:<\/h6><p class=\"uagb-desc-text\">+351 214 864 566<br>+351 917 331 292<br>+351 916 179 530<\/p><\/div>\n<\/div>\n<\/div>\n<\/div><\/div>","protected":false},"excerpt":{"rendered":"<p>a Transrent A melhor empresa de Aluguer de Viaturas em Cascais Temos uma equipa din\u00e2mica, formada para corresponder \u00e1s necessidades dos nossos clientes. E sempre como prioridade a sua satisfa\u00e7\u00e3o, quer em f\u00e9rias, quer em trabalho. Tentamos sempre simplificar e solucionar a sua situa\u00e7\u00e3o. Disponibilizamos v\u00e1rios tipos de viaturas, desde ve\u00edculos ligeiros a comerciais, motociclos [&hellip;]<\/p>\n","protected":false},"author":1,"featured_media":1240,"parent":0,"menu_order":0,"comment_status":"closed","ping_status":"closed","template":"","meta":{"_uag_custom_page_level_css":"","site-sidebar-layout":"no-sidebar","site-content-layout":"plain-container","ast-site-content-layout":"default","site-content-style":"default","site-sidebar-style":"default","ast-global-header-display":"","ast-banner-title-visibility":"","ast-main-header-display":"","ast-hfb-above-header-display":"","ast-hfb-below-header-display":"","ast-hfb-mobile-header-display":"","site-post-title":"disabled","ast-breadcrumbs-content":"","ast-featured-img":"disabled","footer-sml-layout":"","ast-disable-related-posts":"","theme-transparent-header-meta":"enabled","adv-header-id-meta":"","stick-header-meta":"","header-above-stick-meta":"","header-main-stick-meta":"","header-below-stick-meta":"","astra-migrate-meta-layouts":"default","ast-page-background-enabled":"default","ast-page-background-meta":{"desktop":{"background-color":"","background-image":"","background-repeat":"repeat","background-position":"center center","background-size":"auto","background-attachment":"scroll","background-type":"","background-media":"","overlay-type":"","overlay-color":"","overlay-opacity":"","overlay-gradient":""},"tablet":{"background-color":"","background-image":"","background-repeat":"repeat","background-position":"center center","background-size":"auto","background-attachment":"scroll","background-type":"","background-media":"","overlay-type":"","overlay-color":"","overlay-opacity":"","overlay-gradient":""},"mobile":{"background-color":"","background-image":"","background-repeat":"repeat","background-position":"center center","background-size":"auto","background-attachment":"scroll","background-type":"","background-media":"","overlay-type":"","overlay-color":"","overlay-opacity":"","overlay-gradient":""}},"ast-content-background-meta":{"desktop":{"background-color":"var(--ast-global-color-5)","background-image":"","background-repeat":"repeat","background-position":"center center","background-size":"auto","background-attachment":"scroll","background-type":"","background-media":"","overlay-type":"","overlay-color":"","overlay-opacity":"","overlay-gradient":""},"tablet":{"background-color":"var(--ast-global-color-5)","background-image":"","background-repeat":"repeat","background-position":"center center","background-size":"auto","background-attachment":"scroll","background-type":"","background-media":"","overlay-type":"","overlay-color":"","overlay-opacity":"","overlay-gradient":""},"mobile":{"background-color":"var(--ast-global-color-5)","background-image":"","background-repeat":"repeat","background-position":"center center","background-size":"auto","background-attachment":"scroll","background-type":"","background-media":"","overlay-type":"","overlay-color":"","overlay-opacity":"","overlay-gradient":""}},"footnotes":""},"class_list":["post-578","page","type-page","status-publish","has-post-thumbnail","hentry"],"uagb_featured_image_src":{"full":["https:\/\/rentcarcascais.com\/wp-content\/uploads\/2023\/05\/Transrent-Escritorio.jpg",960,720,false],"thumbnail":["https:\/\/rentcarcascais.com\/wp-content\/uploads\/2023\/05\/Transrent-Escritorio-150x150.jpg",150,150,true],"medium":["https:\/\/rentcarcascais.com\/wp-content\/uploads\/2023\/05\/Transrent-Escritorio-300x225.jpg",300,225,true],"medium_large":["https:\/\/rentcarcascais.com\/wp-content\/uploads\/2023\/05\/Transrent-Escritorio-768x576.jpg",768,576,true],"large":["https:\/\/rentcarcascais.com\/wp-content\/uploads\/2023\/05\/Transrent-Escritorio.jpg",960,720,false],"1536x1536":["https:\/\/rentcarcascais.com\/wp-content\/uploads\/2023\/05\/Transrent-Escritorio.jpg",960,720,false],"2048x2048":["https:\/\/rentcarcascais.com\/wp-content\/uploads\/2023\/05\/Transrent-Escritorio.jpg",960,720,false],"trp-custom-language-flag":["https:\/\/rentcarcascais.com\/wp-content\/uploads\/2023\/05\/Transrent-Escritorio.jpg",16,12,false]},"uagb_author_info":{"display_name":"lmsm76","author_link":"https:\/\/rentcarcascais.com\/en\/author\/lmsm76\/"},"uagb_comment_info":0,"uagb_excerpt":"a Transrent A melhor empresa de Aluguer de Viaturas em Cascais Temos uma equipa din\u00e2mica, formada para corresponder \u00e1s necessidades dos nossos clientes. E sempre como prioridade a sua satisfa\u00e7\u00e3o, quer em f\u00e9rias, quer em trabalho. Tentamos sempre simplificar e solucionar a sua situa\u00e7\u00e3o. Disponibilizamos v\u00e1rios tipos de viaturas, desde ve\u00edculos ligeiros a comerciais, motociclos&hellip;","_links":{"self":[{"href":"https:\/\/rentcarcascais.com\/en\/wp-json\/wp\/v2\/pages\/578","targetHints":{"allow":["GET"]}}],"collection":[{"href":"https:\/\/rentcarcascais.com\/en\/wp-json\/wp\/v2\/pages"}],"about":[{"href":"https:\/\/rentcarcascais.com\/en\/wp-json\/wp\/v2\/types\/page"}],"author":[{"embeddable":true,"href":"https:\/\/rentcarcascais.com\/en\/wp-json\/wp\/v2\/users\/1"}],"replies":[{"embeddable":true,"href":"https:\/\/rentcarcascais.com\/en\/wp-json\/wp\/v2\/comments?post=578"}],"version-history":[{"count":0,"href":"https:\/\/rentcarcascais.com\/en\/wp-json\/wp\/v2\/pages\/578\/revisions"}],"wp:featuredmedia":[{"embeddable":true,"href":"https:\/\/rentcarcascais.com\/en\/wp-json\/wp\/v2\/media\/1240"}],"wp:attachment":[{"href":"https:\/\/rentcarcascais.com\/en\/wp-json\/wp\/v2\/media?parent=578"}],"curies":[{"name":"wp","href":"https:\/\/api.w.org\/{rel}","templated":true}]}}