{"id":1422,"date":"2023-06-23T07:28:19","date_gmt":"2023-06-23T07:28:19","guid":{"rendered":"http:\/\/rentcarcascais.com\/?page_id=1422"},"modified":"2023-06-23T23:04:41","modified_gmt":"2023-06-23T23:04:41","slug":"condicoes-contrato-aluguer","status":"publish","type":"page","link":"https:\/\/rentcarcascais.com\/en\/condicoes-contrato-aluguer\/","title":{"rendered":"Terms of the lease Agreement"},"content":{"rendered":"<div class=\"wp-block-uagb-container uagb-block-0561c0bf alignfull uagb-is-root-container\"><div class=\"uagb-container-inner-blocks-wrap\">\n<div class=\"wp-block-uagb-container uagb-block-776eba80\">\n<div class=\"wp-block-uagb-advanced-heading uagb-block-13663389\"><h1 class=\"uagb-heading-text\">Terms of the lease Agreement<\/h1><\/div>\n<\/div>\n\n\n\n<div class=\"wp-block-uagb-container uag-blocks-common-selector uagb-block-eea28f74\">\n<div class=\"wp-block-uagb-advanced-heading uagb-block-1a340829\"><h3 class=\"uagb-heading-text\"><em>In all rentals, a car rental contract is made. On the back of the same contract there will always be the following text:<\/em><\/h3><\/div>\n<\/div>\n<\/div><\/div>\n\n\n\n<div class=\"wp-block-uagb-container uagb-block-289fa86c alignfull uagb-is-root-container\">\n<div class=\"wp-block-uagb-container uagb-block-6262da15\">\n<p>In between<\/p>\n\n\n\n<p>Transrent, Com\u00e9rcio e Renting Vehicles, Lda., and the customer identified on the back of this document, the rental contract is concluded, which will be governed by the following clauses:<\/p>\n\n\n\n<p><strong>Article 1 (Object of the Contract)<\/strong><\/p>\n\n\n\n<p>1 \u2013 Transrent, Lda rents to the customer, and he rents the vehicle indicated on the back of this contract and for the period provided for therein.<\/p>\n\n\n\n<p>2 \u2013 The customer undertakes to return the vehicle to Transrent, Lda on the date and place set out on the back of this contract, otherwise the contract will not be terminated.<\/p>\n\n\n\n<p><strong>Article 2 (Payment)<\/strong><\/p>\n\n\n\n<p>1 \u2013 As consideration for the contract entered into, the customer will pay Transrent, Lda., and as soon as requested:<\/p>\n\n\n\n<ol class=\"wp-block-list\" type=\"a\">\n<li>The amount corresponding to the duration of the rental and damage caused in the event of an impact, collision, lightning or explosion, which are not covered by insurance or by the guarantees provided for in this contract, the insurance premiums for the driver and persons transported in said vehicle, if such insurance has been agreed.<\/li>\n\n\n\n<li>The additional debit corresponding to the fee for moving the vehicle from a city other than the one in which it was rented or if the vehicle is left at another point without the written consent of Transrent, Lda., or by accident, in which case the customer is not entitled to a vehicle of substitution.<\/li>\n\n\n\n<li>All taxes and fees payable due to the situations provided for in subparagraphs a) and b) above.<\/li>\n\n\n\n<li>All judicial or extrajudicial expenses, fines or pecuniary penalties, whatever their nature, resulting from the violation of any legal rule attributable to the customer or the vehicle, while in the customer&#039;s possession.<\/li>\n\n\n\n<li>All other expenses, including court costs and fees for a lawyer or solicitor hired to secure payment of any sums owed by the client.<\/li>\n\n\n\n<li>The cost of any repairs necessary to bring the vehicle into the same condition as it was delivered to you at the beginning of this contract.<\/li>\n<\/ol>\n\n\n\n<p>2 \u2013 The customer cannot invoke any impeding fact, totally or partially, of his\/her responsibility and refuse or suspend the payment of any sums due to Transrent, Lda., arising from this contract.<\/p>\n\n\n\n<p>3 \u2013 The rental price, the amount of the security deposit and the price of the extension will be determined by the tariffs in force at all times and paid in advance.<\/p>\n\n\n\n<p>4 \u2013 Under no circumstances can the security deposit serve as an extension of the rental, and the customer, in case he intends to maintain the rental of the vehicle beyond the initial period, obtain an agreement from Transrent, Lda., and immediately pay the rental amount in progress and the extension.<\/p>\n\n\n\n<p>5 \u2013 Non-compliance with the provisions of the previous number empowers Transrent, Lda., to trigger the appropriate legal processes, including criminal proceedings.<\/p>\n\n\n\n<p><strong>Article 3 (Obligations of the customer)<\/strong><\/p>\n\n\n\n<p>1 - The customer undertakes, under penalty of exclusion of the guarantees provided for in this contract, to:<\/p>\n\n\n\n<ol class=\"wp-block-list\" type=\"a\">\n<li>Pay to Transrent, Lda., all amounts due due to the conclusion of this contract, namely those provided for in article 2, paragraph 1, subparagraph a)<\/li>\n\n\n\n<li>Deliver to Transrent, Lda., a security deposit, which will be returned to you at the end of the contract, except in cases where there is damage, theft or theft of the vehicle, or when the use of the vehicle, being abusive, or not comply with the traffic rules in force, the customer is responsible, not being the deposit applied but the real value of the damages occurred in the vehicle.<\/li>\n\n\n\n<li>Use the vehicle prudently and normally, complying with the applicable legislation of the road code.<\/li>\n\n\n\n<li>Prevent the vehicle from being driven by a person or persons other than those identified or accepted by Transrent, Lda., as stipulated in this contract and in any annex or amendments that form an integral part of it, only assuming any occasional damages by the drivers identified on the back of this contract.<\/li>\n\n\n\n<li>Preventing transport and not transporting passengers or goods, in exchange for any compensation or remuneration, whatever the form of such remuneration.<\/li>\n\n\n\n<li>Do not use, and prevent the rented vehicle from being used, to push or pull any vehicle or trailer and\/or any object, with or without wheels.<\/li>\n\n\n\n<li>Do not use, and prevent the rented vehicle from being used, in sporting events.<\/li>\n\n\n\n<li>Do not use the rented vehicle under the influence of alcohol, drugs or narcotics, as well as prevent it from being used by people under this influence.<\/li>\n\n\n\n<li>Not to use, and to prevent the rented vehicle from being used, in any transport in violation of customs regulations or which, in any way, is illegal.<\/li>\n\n\n\n<li>Not to sell, mortgage or otherwise pledge the leased vehicle or its tools as collateral, or use it in any way that could harm Transrent, Lda.<\/li>\n<\/ol>\n\n\n\n<p>2 \u2013 Any violation of the provisions of this clause authorizes Transrent, Lda., to withdraw the vehicle from the customer, without prior notice, and without prejudice to the compensation that, under legal and contractual terms, the customer is obliged to satisfy.<\/p>\n\n\n\n<p><strong>Article 4 (Vehicle condition)<\/strong><\/p>\n\n\n\n<p>1 \u2013 The customer expressly declares that he received the vehicle in perfect conditions of use, in an impeccable state of mechanics and painting and with the tires in good condition and without punctures, with any damages being those declared at the back of the contract.<\/p>\n\n\n\n<p>two -<\/p>\n\n\n\n<ol class=\"wp-block-list\" type=\"a\">\n<li>In the event of deterioration, loss or malfunction of its mechanical parts, for reasons beyond its normal use, the customer is responsible for paying the cost of the respective repair.<\/li>\n\n\n\n<li>The normal maintenance of the mechanics resulting from use is the responsibility of Transrent, lda., which, to be carried out, only with the prior authorization of Transrent, Lda.<\/li>\n\n\n\n<li>The vehicle must be returned in similar cleaning conditions, if it is necessary to clean it, for example (sands or transport of animals, etc.) there will be an additional minimum payment of 25.00 Euros for a simple cleaning and a maximum of 100 .00 Euros, plus the current VAT rate.<\/li>\n\n\n\n<li>The vehicle must be returned with the same amount of fuel it was picked up with. If this does not happen, the proportional amount of missing fuel will be charged and a fee of 10.00 Euros for the refueling service.<\/li>\n<\/ol>\n\n\n\n<p>Under no circumstances may the customer claim compensation for delay in delivering the vehicle, either for immobilisation during the rental or for cancellation of the contract due to vehicle repair.<\/p>\n\n\n\n<p><strong>Article 5<\/strong><\/p>\n\n\n\n<p>1 \u2013 In the case of MTB rental, third-party insurance is only applied when agreed, otherwise this firm declines any civil liability during the rental period, with the lessee being entirely responsible for any damage caused in third parties.<\/p>\n\n\n\n<p><strong>Article 6 (Applicable law and jurisdiction)<\/strong><\/p>\n\n\n\n<p>1 \u2013 For any issue arising from this contract, the parties elect from now on the Jurisdiction of the District of Cascais, with express waiver of any other.<\/p>\n\n\n\n<p><strong>PS<\/strong> \u2013 The general conditions of this contract are available in English and French, please ask the person attending for further details.<\/p>\n\n\n\n<p><strong>Personal data protection<\/strong> If you are a natural person, we inform you that your data will be processed for the purpose of issuing the invoice and managing the commercial relationship with the issuing entity. Personal data will be kept for as long as the commercial relationship is maintained and will not be deleted if necessary to comply with legal obligations or for filing, exercising and defending claims. You can exercise the rights of access, rectification, opposition, alteration and cancellation, as well as the limitation of processing, revocation, portability and not being subject to automated individual decisions, for the tax address indicated in this document as being from the respective issuing entity.<\/p>\n<\/div>\n<\/div>\n\n\n\n<div class=\"wp-block-uagb-container uagb-block-9272efaa alignfull uagb-is-root-container\"><div class=\"uagb-container-inner-blocks-wrap\">\n<div class=\"wp-block-uagb-info-box uagb-block-e6cce692 uagb-infobox__content-wrap  uagb-infobox-icon-above-title uagb-infobox-image-valign-top\"><div class=\"uagb-ifb-content\"><div class=\"uagb-ifb-title-wrap\"><h2 class=\"uagb-ifb-title\">Need to rent a Vehicle?<\/h2><\/div><p class=\"uagb-ifb-desc\">We have the vehicle that you need<\/p><\/div><\/div>\n\n\n\n<div class=\"wp-block-uagb-container uagb-block-837aed7a\">\n<div class=\"wp-block-uagb-container uagb-block-7c85e363\">\n<div class=\"wp-block-uagb-buttons uagb-buttons__outer-wrap uagb-btn__default-btn uagb-btn-tablet__default-btn uagb-btn-mobile__default-btn uagb-block-c43bdf3a\"><div class=\"uagb-buttons__wrap uagb-buttons-layout-wrap\">\n<div class=\"wp-block-uagb-buttons-child uagb-buttons__outer-wrap uagb-block-73633a28 wp-block-button is-style-outline\"><div class=\"uagb-button__wrapper\"><a class=\"uagb-buttons-repeater wp-block-button__link\" href=\"https:\/\/rentcarcascais.com\/en\/contacto\/\" onclick=\"return true;\" rel=\"follow noopener\" target=\"_self\"><div class=\"uagb-button__link\">CONTACT PAGE<\/div><\/a><\/div><\/div>\n<\/div><\/div>\n<\/div>\n\n\n\n<div class=\"wp-block-uagb-container uagb-block-87ef4866\">\n<div class=\"wp-block-uagb-advanced-heading uagb-block-c953e71e\"><h6 class=\"uagb-heading-text\">OR CALL US AT:<\/h6><p class=\"uagb-desc-text\">+351 214 864 566<br>+351 917 331 292<br>+351 916 179 530<\/p><\/div>\n<\/div>\n<\/div>\n<\/div><\/div>","protected":false},"excerpt":{"rendered":"<p>Condi\u00e7\u00f5es do Contrato de Aluguer Em todos os alugueres \u00e9 efectuado um contracto de Aluguer da viatura. No verso desse mesmo contracto existir\u00e1 sempre o seguinte texto: Entre Transrent, Com\u00e9rcio e aluguer de ve\u00edculos, Lda., e o cliente identificado na face posterior do presente documento \u00e9 celebrado o contrato de aluguer que se reger\u00e1 pelas [&hellip;]<\/p>\n","protected":false},"author":1,"featured_media":1240,"parent":0,"menu_order":0,"comment_status":"closed","ping_status":"closed","template":"","meta":{"_uag_custom_page_level_css":"","site-sidebar-layout":"no-sidebar","site-content-layout":"plain-container","ast-site-content-layout":"default","site-content-style":"default","site-sidebar-style":"default","ast-global-header-display":"","ast-banner-title-visibility":"","ast-main-header-display":"","ast-hfb-above-header-display":"","ast-hfb-below-header-display":"","ast-hfb-mobile-header-display":"","site-post-title":"disabled","ast-breadcrumbs-content":"","ast-featured-img":"disabled","footer-sml-layout":"","ast-disable-related-posts":"","theme-transparent-header-meta":"enabled","adv-header-id-meta":"","stick-header-meta":"","header-above-stick-meta":"","header-main-stick-meta":"","header-below-stick-meta":"","astra-migrate-meta-layouts":"default","ast-page-background-enabled":"default","ast-page-background-meta":{"desktop":{"background-color":"","background-image":"","background-repeat":"repeat","background-position":"center center","background-size":"auto","background-attachment":"scroll","background-type":"","background-media":"","overlay-type":"","overlay-color":"","overlay-opacity":"","overlay-gradient":""},"tablet":{"background-color":"","background-image":"","background-repeat":"repeat","background-position":"center center","background-size":"auto","background-attachment":"scroll","background-type":"","background-media":"","overlay-type":"","overlay-color":"","overlay-opacity":"","overlay-gradient":""},"mobile":{"background-color":"","background-image":"","background-repeat":"repeat","background-position":"center center","background-size":"auto","background-attachment":"scroll","background-type":"","background-media":"","overlay-type":"","overlay-color":"","overlay-opacity":"","overlay-gradient":""}},"ast-content-background-meta":{"desktop":{"background-color":"var(--ast-global-color-5)","background-image":"","background-repeat":"repeat","background-position":"center center","background-size":"auto","background-attachment":"scroll","background-type":"","background-media":"","overlay-type":"","overlay-color":"","overlay-opacity":"","overlay-gradient":""},"tablet":{"background-color":"var(--ast-global-color-5)","background-image":"","background-repeat":"repeat","background-position":"center center","background-size":"auto","background-attachment":"scroll","background-type":"","background-media":"","overlay-type":"","overlay-color":"","overlay-opacity":"","overlay-gradient":""},"mobile":{"background-color":"var(--ast-global-color-5)","background-image":"","background-repeat":"repeat","background-position":"center center","background-size":"auto","background-attachment":"scroll","background-type":"","background-media":"","overlay-type":"","overlay-color":"","overlay-opacity":"","overlay-gradient":""}},"footnotes":""},"class_list":["post-1422","page","type-page","status-publish","has-post-thumbnail","hentry"],"uagb_featured_image_src":{"full":["https:\/\/rentcarcascais.com\/wp-content\/uploads\/2023\/05\/Transrent-Escritorio.jpg",960,720,false],"thumbnail":["https:\/\/rentcarcascais.com\/wp-content\/uploads\/2023\/05\/Transrent-Escritorio-150x150.jpg",150,150,true],"medium":["https:\/\/rentcarcascais.com\/wp-content\/uploads\/2023\/05\/Transrent-Escritorio-300x225.jpg",300,225,true],"medium_large":["https:\/\/rentcarcascais.com\/wp-content\/uploads\/2023\/05\/Transrent-Escritorio-768x576.jpg",768,576,true],"large":["https:\/\/rentcarcascais.com\/wp-content\/uploads\/2023\/05\/Transrent-Escritorio.jpg",960,720,false],"1536x1536":["https:\/\/rentcarcascais.com\/wp-content\/uploads\/2023\/05\/Transrent-Escritorio.jpg",960,720,false],"2048x2048":["https:\/\/rentcarcascais.com\/wp-content\/uploads\/2023\/05\/Transrent-Escritorio.jpg",960,720,false],"trp-custom-language-flag":["https:\/\/rentcarcascais.com\/wp-content\/uploads\/2023\/05\/Transrent-Escritorio.jpg",16,12,false]},"uagb_author_info":{"display_name":"lmsm76","author_link":"https:\/\/rentcarcascais.com\/en\/author\/lmsm76\/"},"uagb_comment_info":0,"uagb_excerpt":"Condi\u00e7\u00f5es do Contrato de Aluguer Em todos os alugueres \u00e9 efectuado um contracto de Aluguer da viatura. No verso desse mesmo contracto existir\u00e1 sempre o seguinte texto: Entre Transrent, Com\u00e9rcio e aluguer de ve\u00edculos, Lda., e o cliente identificado na face posterior do presente documento \u00e9 celebrado o contrato de aluguer que se reger\u00e1 pelas&hellip;","_links":{"self":[{"href":"https:\/\/rentcarcascais.com\/en\/wp-json\/wp\/v2\/pages\/1422","targetHints":{"allow":["GET"]}}],"collection":[{"href":"https:\/\/rentcarcascais.com\/en\/wp-json\/wp\/v2\/pages"}],"about":[{"href":"https:\/\/rentcarcascais.com\/en\/wp-json\/wp\/v2\/types\/page"}],"author":[{"embeddable":true,"href":"https:\/\/rentcarcascais.com\/en\/wp-json\/wp\/v2\/users\/1"}],"replies":[{"embeddable":true,"href":"https:\/\/rentcarcascais.com\/en\/wp-json\/wp\/v2\/comments?post=1422"}],"version-history":[{"count":0,"href":"https:\/\/rentcarcascais.com\/en\/wp-json\/wp\/v2\/pages\/1422\/revisions"}],"wp:featuredmedia":[{"embeddable":true,"href":"https:\/\/rentcarcascais.com\/en\/wp-json\/wp\/v2\/media\/1240"}],"wp:attachment":[{"href":"https:\/\/rentcarcascais.com\/en\/wp-json\/wp\/v2\/media?parent=1422"}],"curies":[{"name":"wp","href":"https:\/\/api.w.org\/{rel}","templated":true}]}}